{"id":71,"date":"2025-10-01T07:54:40","date_gmt":"2025-10-01T07:54:40","guid":{"rendered":"https:\/\/ccs.fi\/?page_id=71"},"modified":"2025-10-29T11:50:37","modified_gmt":"2025-10-29T11:50:37","slug":"contact-us","status":"publish","type":"page","link":"https:\/\/ccs.fi\/fi\/contact-us\/","title":{"rendered":"Ota yhteytt\u00e4"},"content":{"rendered":"<div class=\"wp-block-group alignfull has-background is-layout-flow wp-block-group-is-layout-flow\" style=\"background:linear-gradient(180deg,rgb(178,223,255) 0%,rgb(236,247,255) 100%);margin-top:0;margin-bottom:0;padding-top:7.5rem;padding-right:0;padding-bottom:7.5rem;padding-left:0;background-image:url(&#039;https:\/\/ccs.fi\/wp-content\/uploads\/2025\/10\/Hero_8_new-scaled.png&#039;);background-position:50% 54%;background-size:cover;\">\n<div class=\"wp-block-group alignwide has-base-background-color has-background is-layout-constrained wp-container-core-group-is-layout-ca088b51 wp-block-group-is-layout-constrained\" style=\"padding-top:0;padding-right:0;padding-bottom:0;padding-left:0\">\n<h1 class=\"wp-block-heading\" id=\"0-frequently-asked-questions\" style=\"margin-bottom:20px\">Ota meihin yhteytt\u00e4!<\/h1>\n\n\n\n<div class=\"wp-block-columns is-layout-flex wp-container-core-columns-is-layout-30f6154b wp-block-columns-is-layout-flex\">\n<div class=\"wp-block-column is-layout-flow wp-container-core-column-is-layout-26ab3dbf wp-block-column-is-layout-flow\">\n<div class=\"wp-block-columns is-not-stacked-on-mobile is-layout-flex wp-container-core-columns-is-layout-28f84493 wp-block-columns-is-layout-flex\">\n<div class=\"wp-block-column is-vertically-aligned-top is-layout-flow wp-block-column-is-layout-flow\" style=\"flex-basis:18%\">\n<figure class=\"wp-block-image size-medium is-resized\"><img loading=\"lazy\" decoding=\"async\" width=\"277\" height=\"300\" src=\"https:\/\/ccs.fi\/wp-content\/uploads\/2025\/10\/CCF_phone_crop-277x300.png\" alt=\"\" class=\"wp-image-1256\" style=\"aspect-ratio:1;object-fit:contain;width:100px;height:auto\" srcset=\"https:\/\/ccs.fi\/wp-content\/uploads\/2025\/10\/CCF_phone_crop-277x300.png 277w, https:\/\/ccs.fi\/wp-content\/uploads\/2025\/10\/CCF_phone_crop-768x832.png 768w, https:\/\/ccs.fi\/wp-content\/uploads\/2025\/10\/CCF_phone_crop-11x12.png 11w, https:\/\/ccs.fi\/wp-content\/uploads\/2025\/10\/CCF_phone_crop.png 848w\" sizes=\"auto, (max-width: 277px) 100vw, 277px\" \/><\/figure>\n<\/div>\n\n\n\n<div class=\"wp-block-column is-vertically-aligned-center is-layout-flow wp-block-column-is-layout-flow\" style=\"flex-basis:66.66%\">\n<h3 class=\"wp-block-heading\">Puhelin<\/h3>\n\n\n\n<p>+358 45 888 0007<\/p>\n<\/div>\n<\/div>\n\n\n\n<div class=\"wp-block-columns is-not-stacked-on-mobile is-layout-flex wp-container-core-columns-is-layout-28f84493 wp-block-columns-is-layout-flex\">\n<div class=\"wp-block-column is-layout-flow wp-block-column-is-layout-flow\" style=\"flex-basis:21.26%\">\n<figure class=\"wp-block-image size-full is-resized\"><img loading=\"lazy\" decoding=\"async\" width=\"1132\" height=\"842\" src=\"https:\/\/ccs.fi\/wp-content\/uploads\/2025\/10\/CCF_mail_crop.png\" alt=\"\" class=\"wp-image-1258\" style=\"aspect-ratio:1;object-fit:contain;width:100px\" srcset=\"https:\/\/ccs.fi\/wp-content\/uploads\/2025\/10\/CCF_mail_crop.png 1132w, https:\/\/ccs.fi\/wp-content\/uploads\/2025\/10\/CCF_mail_crop-300x223.png 300w, https:\/\/ccs.fi\/wp-content\/uploads\/2025\/10\/CCF_mail_crop-1024x762.png 1024w, https:\/\/ccs.fi\/wp-content\/uploads\/2025\/10\/CCF_mail_crop-768x571.png 768w, https:\/\/ccs.fi\/wp-content\/uploads\/2025\/10\/CCF_mail_crop-16x12.png 16w\" sizes=\"auto, (max-width: 1132px) 100vw, 1132px\" \/><\/figure>\n<\/div>\n\n\n\n<div class=\"wp-block-column is-vertically-aligned-center is-layout-flow wp-block-column-is-layout-flow\" style=\"flex-basis:78.74%\">\n<h3 class=\"wp-block-heading\">S\u00e4hk\u00f6posti<\/h3>\n\n\n\n<p>ccs@ccs.fi<\/p>\n<\/div>\n<\/div>\n\n\n\n<div class=\"wp-block-columns is-not-stacked-on-mobile is-layout-flex wp-container-core-columns-is-layout-28f84493 wp-block-columns-is-layout-flex\">\n<div class=\"wp-block-column is-layout-flow wp-block-column-is-layout-flow\" style=\"flex-basis:18%\">\n<figure class=\"wp-block-image size-full is-resized\"><img loading=\"lazy\" decoding=\"async\" width=\"750\" height=\"1170\" src=\"https:\/\/ccs.fi\/wp-content\/uploads\/2025\/10\/CCF_location_crop.png\" alt=\"\" class=\"wp-image-1253\" style=\"aspect-ratio:1;object-fit:contain;width:100px\" srcset=\"https:\/\/ccs.fi\/wp-content\/uploads\/2025\/10\/CCF_location_crop.png 750w, https:\/\/ccs.fi\/wp-content\/uploads\/2025\/10\/CCF_location_crop-192x300.png 192w, https:\/\/ccs.fi\/wp-content\/uploads\/2025\/10\/CCF_location_crop-656x1024.png 656w, https:\/\/ccs.fi\/wp-content\/uploads\/2025\/10\/CCF_location_crop-8x12.png 8w\" sizes=\"auto, (max-width: 750px) 100vw, 750px\" \/><\/figure>\n<\/div>\n\n\n\n<div class=\"wp-block-column is-vertically-aligned-center is-layout-flow wp-block-column-is-layout-flow\" style=\"flex-basis:66.66%\">\n<h3 class=\"wp-block-heading\">Osoite<\/h3>\n\n\n\n<p>Vuorikatu 10 A<br>00100, Helsinki<br>Finland<\/p>\n<\/div>\n<\/div>\n\n\n\n<div class=\"wp-block-columns is-not-stacked-on-mobile is-layout-flex wp-container-core-columns-is-layout-669ca364 wp-block-columns-is-layout-flex\" style=\"margin-top:5rem;margin-bottom:1.6rem\">\n<div class=\"wp-block-column is-layout-flow wp-block-column-is-layout-flow\" style=\"flex-basis:18%\">\n<figure class=\"wp-block-image size-large is-resized\"><img loading=\"lazy\" decoding=\"async\" width=\"1660\" height=\"1660\" src=\"https:\/\/ccs.fi\/wp-content\/uploads\/2025\/10\/Whatsapp-edited-1.png\" alt=\"\" class=\"wp-image-2218\" style=\"width:100px\" srcset=\"https:\/\/ccs.fi\/wp-content\/uploads\/2025\/10\/Whatsapp-edited-1.png 1660w, https:\/\/ccs.fi\/wp-content\/uploads\/2025\/10\/Whatsapp-edited-1-300x300.png 300w, https:\/\/ccs.fi\/wp-content\/uploads\/2025\/10\/Whatsapp-edited-1-1024x1024.png 1024w, https:\/\/ccs.fi\/wp-content\/uploads\/2025\/10\/Whatsapp-edited-1-150x150.png 150w, https:\/\/ccs.fi\/wp-content\/uploads\/2025\/10\/Whatsapp-edited-1-768x768.png 768w, https:\/\/ccs.fi\/wp-content\/uploads\/2025\/10\/Whatsapp-edited-1-1536x1536.png 1536w, https:\/\/ccs.fi\/wp-content\/uploads\/2025\/10\/Whatsapp-edited-1-12x12.png 12w\" sizes=\"auto, (max-width: 1660px) 100vw, 1660px\" \/><\/figure>\n<\/div>\n\n\n\n<div class=\"wp-block-column is-vertically-aligned-center is-layout-flow wp-block-column-is-layout-flow\" style=\"flex-basis:66.66%\">\n<h3 class=\"wp-block-heading\">WhatsApp<\/h3>\n\n\n\n<p>+358 45 888 007<\/p>\n<\/div>\n<\/div>\n\n\n\n<div class=\"wp-block-columns is-not-stacked-on-mobile is-layout-flex wp-container-core-columns-is-layout-159f51c6 wp-block-columns-is-layout-flex\" style=\"margin-top:0\">\n<div class=\"wp-block-column is-layout-flow wp-block-column-is-layout-flow\" style=\"flex-basis:18%\">\n<figure class=\"wp-block-image size-large is-resized\"><img loading=\"lazy\" decoding=\"async\" width=\"1770\" height=\"1770\" src=\"https:\/\/ccs.fi\/wp-content\/uploads\/2025\/10\/Telegram-edited.png\" alt=\"\" class=\"wp-image-2211\" style=\"width:100px\" srcset=\"https:\/\/ccs.fi\/wp-content\/uploads\/2025\/10\/Telegram-edited.png 1770w, https:\/\/ccs.fi\/wp-content\/uploads\/2025\/10\/Telegram-edited-300x300.png 300w, https:\/\/ccs.fi\/wp-content\/uploads\/2025\/10\/Telegram-edited-1024x1024.png 1024w, https:\/\/ccs.fi\/wp-content\/uploads\/2025\/10\/Telegram-edited-150x150.png 150w, https:\/\/ccs.fi\/wp-content\/uploads\/2025\/10\/Telegram-edited-768x768.png 768w, https:\/\/ccs.fi\/wp-content\/uploads\/2025\/10\/Telegram-edited-1536x1536.png 1536w, https:\/\/ccs.fi\/wp-content\/uploads\/2025\/10\/Telegram-edited-12x12.png 12w\" sizes=\"auto, (max-width: 1770px) 100vw, 1770px\" \/><\/figure>\n<\/div>\n\n\n\n<div class=\"wp-block-column is-vertically-aligned-center is-layout-flow wp-block-column-is-layout-flow\" style=\"flex-basis:66.66%\">\n<h3 class=\"wp-block-heading\">Telegram<\/h3>\n\n\n\n<p>+358 45 888 007<\/p>\n<\/div>\n<\/div>\n<\/div>\n\n\n\n<div class=\"wp-block-column is-vertically-aligned-top is-layout-flow wp-container-core-column-is-layout-2fc1ce21 wp-block-column-is-layout-flow\" style=\"padding-top:0;padding-right:0;padding-bottom:0;padding-left:0\"><style id=\"wpforms-css-vars-509-block-59448cd3-d3cd-43d5-99b9-0b4962662f1e\">\n\t\t\t\t#wpforms-509.wpforms-block-59448cd3-d3cd-43d5-99b9-0b4962662f1e {\n\t\t\t\t--wpforms-label-color: #002B4A;\n--wpforms-label-sublabel-color: rgba(0, 0, 0, 0.55);\n--wpforms-field-border-size: 0px;\n--wpforms-field-background-color: var(--theme-palette-color-1, #FFFEFF);\n--wpforms-field-border-color: ;\n--wpforms-field-border-color-spare: ;\n--wpforms-field-text-color: #000000;\n--wpforms-button-border-radius: 14px;\n--wpforms-button-text-color: #fffeff;\n--wpforms-field-border-style: none;\n--wpforms-button-border-style: solid;\n--wpforms-button-border-color: #015C9D;\n--wpforms-button-background-color: #015C9D;\n--wpforms-field-size-input-height: 43px;\n--wpforms-field-size-input-spacing: 15px;\n--wpforms-field-size-font-size: 16px;\n--wpforms-field-size-line-height: 19px;\n--wpforms-field-size-padding-h: 14px;\n--wpforms-field-size-checkbox-size: 16px;\n--wpforms-field-size-sublabel-spacing: 5px;\n--wpforms-field-size-icon-size: 1;\n--wpforms-label-size-font-size: 16px;\n--wpforms-label-size-line-height: 19px;\n--wpforms-label-size-sublabel-font-size: 14px;\n--wpforms-label-size-sublabel-line-height: 17px;\n--wpforms-button-size-font-size: 17px;\n--wpforms-button-size-height: 41px;\n--wpforms-button-size-padding-h: 15px;\n--wpforms-button-size-margin-top: 10px;\n\t\t\t}\n\t\t\t<\/style><style id=\"wpforms-custom-css-509-block-59448cd3-d3cd-43d5-99b9-0b4962662f1e\">\n\t\t\t\t.form-container {\npadding: 0px !important;\nmargin: 0 !important;\n}\n\n.form-button {\nfont-family: \"Fira Sans Condensed\", sans-serif !important;\nfont-size: 1rem !important;\npadding: 8px 28px 8px 28px !important;\n}\n\t\t\t<\/style><div class=\"wpforms-container wpforms-container-full form-container wpforms-block wpforms-block-59448cd3-d3cd-43d5-99b9-0b4962662f1e form wpforms-render-modern\" id=\"wpforms-509\"><form id=\"wpforms-form-509\" class=\"wpforms-validate wpforms-form wpforms-ajax-form\" data-formid=\"509\" method=\"post\" enctype=\"multipart\/form-data\" action=\"\/fi\/wp-json\/wp\/v2\/pages\/71\" data-token=\"900d8b01d68faf40bdbdc3d9434a08d4\" data-token-time=\"1776482803\" data-trp-original-action=\"\/fi\/wp-json\/wp\/v2\/pages\/71\"><div class=\"wpforms-head-container\"><div class=\"wpforms-title\">Yhteydenottolomake<\/div><\/div><noscript class=\"wpforms-error-noscript\">Please enable JavaScript in your browser to complete this form.<\/noscript><div id=\"wpforms-error-noscript\" style=\"display: none;\">Please enable JavaScript in your browser to complete this form.<\/div><div class=\"wpforms-field-container\"><div id=\"wpforms-509-field_10-container\" class=\"wpforms-field wpforms-field-text\" data-field-id=\"10\"><label class=\"wpforms-field-label\" for=\"wpforms-509-field_10\">Nimi <span class=\"wpforms-required-label\" aria-hidden=\"true\">*<\/span><\/label><input type=\"text\" id=\"wpforms-509-field_10\" class=\"wpforms-field-large wpforms-field-required\" name=\"wpforms[fields][10]\" placeholder=\"Kirjoita t\u00e4h\u00e4n...\" aria-errormessage=\"wpforms-509-field_10-error\" required><\/div>\t\t<div id=\"wpforms-509-field_1-container\"\n\t\t\tclass=\"wpforms-field wpforms-field-text\"\n\t\t\tdata-field-type=\"text\"\n\t\t\tdata-field-id=\"1\"\n\t\t\t>\n\t\t\t<label class=\"wpforms-field-label\" for=\"wpforms-509-field_1\" >Email number GDPR<\/label>\n\t\t\t<input type=\"text\" id=\"wpforms-509-field_1\" class=\"wpforms-field-medium\" name=\"wpforms[fields][1]\" >\n\t\t<\/div>\n\t\t<div id=\"wpforms-509-field_5-container\" class=\"wpforms-field wpforms-field-text\" data-field-id=\"5\"><label class=\"wpforms-field-label\" for=\"wpforms-509-field_5\">Yritys<\/label><input type=\"text\" id=\"wpforms-509-field_5\" class=\"wpforms-field-large\" name=\"wpforms[fields][5]\" placeholder=\"Kirjoita t\u00e4h\u00e4n...\" aria-errormessage=\"wpforms-509-field_5-error\" ><\/div><div id=\"wpforms-509-field_9-container\" class=\"wpforms-field wpforms-field-text\" data-field-id=\"9\"><label class=\"wpforms-field-label\" for=\"wpforms-509-field_9\">Puhelinnumero<\/label><input type=\"text\" id=\"wpforms-509-field_9\" class=\"wpforms-field-large\" name=\"wpforms[fields][9]\" placeholder=\"Kirjoita t\u00e4h\u00e4n...\" aria-errormessage=\"wpforms-509-field_9-error\" ><\/div><div id=\"wpforms-509-field_7-container\" class=\"wpforms-field wpforms-field-email\" data-field-id=\"7\"><label class=\"wpforms-field-label\" for=\"wpforms-509-field_7\">S\u00e4hk\u00f6posti <span class=\"wpforms-required-label\" aria-hidden=\"true\">*<\/span><\/label><input type=\"email\" id=\"wpforms-509-field_7\" class=\"wpforms-field-large wpforms-field-required\" name=\"wpforms[fields][7]\" placeholder=\"Kirjoita t\u00e4h\u00e4n...\" spellcheck=\"false\" aria-errormessage=\"wpforms-509-field_7-error\" required><\/div><div id=\"wpforms-509-field_8-container\" class=\"wpforms-field wpforms-field-textarea text-field\" data-field-id=\"8\"><label class=\"wpforms-field-label\" for=\"wpforms-509-field_8\">Lis\u00e4tietoa<\/label><textarea id=\"wpforms-509-field_8\" class=\"wpforms-field-medium\" name=\"wpforms[fields][8]\" placeholder=\"Kirjoita t\u00e4h\u00e4n...\" aria-errormessage=\"wpforms-509-field_8-error\" ><\/textarea><\/div><div id=\"wpforms-509-field_11-container\" class=\"wpforms-field wpforms-field-gdpr-checkbox\" data-field-id=\"11\"><label class=\"wpforms-field-label\">GDPR Tietosuoja-asetus <span class=\"wpforms-required-label\" aria-hidden=\"true\">*<\/span><\/label><ul id=\"wpforms-509-field_11\" class=\"wpforms-field-required\"><li class=\"choice-1\"><input type=\"checkbox\" id=\"wpforms-509-field_11_1\" name=\"wpforms[fields][11][]\" value=\"I consent to having this website store my submitted information so they can respond to my inquiry.\" aria-errormessage=\"wpforms-509-field_11_1-error\" required><label class=\"wpforms-field-label-inline\" for=\"wpforms-509-field_11_1\">Annan suostumukseni siihen, ett\u00e4 t\u00e4m\u00e4 verkkosivusto tallentaa l\u00e4hett\u00e4m\u00e4ni tiedot, jotta viestiini voidaan vastata.<\/label><\/li><\/ul><\/div><script>\n\t\t\t\t( function() {\n\t\t\t\t\tconst style = document.createElement( 'style' );\n\t\t\t\t\tstyle.appendChild( document.createTextNode( '#wpforms-509-field_1-container { position: absolute !important; overflow: hidden !important; display: inline !important; height: 1px !important; width: 1px !important; z-index: -1000 !important; padding: 0 !important; } #wpforms-509-field_1-container input { visibility: hidden; } #wpforms-conversational-form-page #wpforms-509-field_1-container label { counter-increment: none; }' ) );\n\t\t\t\t\tdocument.head.appendChild( style );\n\t\t\t\t\tdocument.currentScript?.remove();\n\t\t\t\t} )();\n\t\t\t<\/script><\/div><!-- .wpforms-field-container --><div class=\"wpforms-submit-container\" ><input type=\"hidden\" name=\"wpforms[id]\" value=\"509\"><input type=\"hidden\" name=\"page_title\" value=\"\"><input type=\"hidden\" name=\"page_url\" value=\"https:\/\/ccs.fi\/fi\/wp-json\/wp\/v2\/pages\/71\"><input type=\"hidden\" name=\"url_referer\" value=\"\"><button type=\"submit\" name=\"wpforms[submit]\" id=\"wpforms-submit-509\" class=\"wpforms-submit form-button\" data-alt-text=\"Sending...\" data-submit-text=\"Submit\" aria-live=\"assertive\" value=\"wpforms-submit\">L\u00e4het\u00e4<\/button><img loading=\"lazy\" decoding=\"async\" src=\"https:\/\/ccs.fi\/wp-content\/plugins\/wpforms-lite\/assets\/images\/submit-spin.svg\" class=\"wpforms-submit-spinner\" style=\"display: none;\" width=\"26\" height=\"26\" alt=\"Loading\"><\/div><input type=\"hidden\" name=\"trp-form-language\" value=\"fi\"\/><\/form><\/div>  <!-- .wpforms-container --><\/div>\n<\/div>\n<\/div>\n<\/div>","protected":false},"excerpt":{"rendered":"<p>Let&#8217;s get in touch! Phone +358 45 888 0007 Email ccs@ccs.fi Address Vuorikatu 10 A00100, HelsinkiFinland WhatsApp +358 45 888 007 Telegram +358 45 888 007<\/p>","protected":false},"author":1,"featured_media":0,"parent":0,"menu_order":0,"comment_status":"closed","ping_status":"closed","template":"","meta":{"footnotes":""},"class_list":["post-71","page","type-page","status-publish","hentry"],"blocksy_meta":[],"yoast_head":"<!-- This site is optimized with the Yoast SEO plugin v26.2 - https:\/\/yoast.com\/wordpress\/plugins\/seo\/ -->\n<title>Contact us - Customs Clearance Finland<\/title>\n<meta name=\"robots\" content=\"index, follow, max-snippet:-1, max-image-preview:large, max-video-preview:-1\" \/>\n<link rel=\"canonical\" href=\"https:\/\/ccs.fi\/fi\/contact-us\/\" \/>\n<meta property=\"og:locale\" content=\"fi_FI\" \/>\n<meta property=\"og:type\" content=\"article\" \/>\n<meta property=\"og:title\" content=\"Contact us - Customs Clearance Finland\" \/>\n<meta property=\"og:description\" content=\"Let&#8217;s get in touch! Phone +358 45 888 0007 Email ccs@ccs.fi Address Vuorikatu 10 A00100, HelsinkiFinland WhatsApp +358 45 888 007 Telegram +358 45 888 007\" \/>\n<meta property=\"og:url\" content=\"https:\/\/ccs.fi\/fi\/contact-us\/\" \/>\n<meta property=\"og:site_name\" content=\"Customs Clearance Finland\" \/>\n<meta property=\"article:modified_time\" content=\"2025-10-29T11:50:37+00:00\" \/>\n<meta property=\"og:image\" content=\"https:\/\/ccs.fi\/wp-content\/uploads\/2025\/10\/CCF_phone_crop.png\" \/>\n\t<meta property=\"og:image:width\" content=\"848\" \/>\n\t<meta property=\"og:image:height\" content=\"919\" \/>\n\t<meta property=\"og:image:type\" content=\"image\/png\" \/>\n<meta name=\"twitter:card\" content=\"summary_large_image\" \/>\n<meta name=\"twitter:label1\" content=\"Arvioitu lukuaika\" \/>\n\t<meta name=\"twitter:data1\" content=\"3 minuuttia\" \/>\n<script type=\"application\/ld+json\" class=\"yoast-schema-graph\">{\"@context\":\"https:\/\/schema.org\",\"@graph\":[{\"@type\":\"WebPage\",\"@id\":\"https:\/\/ccs.fi\/contact-us\/\",\"url\":\"https:\/\/ccs.fi\/contact-us\/\",\"name\":\"Contact us - Customs Clearance Finland\",\"isPartOf\":{\"@id\":\"https:\/\/ccs.fi\/#website\"},\"primaryImageOfPage\":{\"@id\":\"https:\/\/ccs.fi\/contact-us\/#primaryimage\"},\"image\":{\"@id\":\"https:\/\/ccs.fi\/contact-us\/#primaryimage\"},\"thumbnailUrl\":\"https:\/\/ccs.fi\/wp-content\/uploads\/2025\/10\/CCF_phone_crop-277x300.png\",\"datePublished\":\"2025-10-01T07:54:40+00:00\",\"dateModified\":\"2025-10-29T11:50:37+00:00\",\"breadcrumb\":{\"@id\":\"https:\/\/ccs.fi\/contact-us\/#breadcrumb\"},\"inLanguage\":\"fi\",\"potentialAction\":[{\"@type\":\"ReadAction\",\"target\":[\"https:\/\/ccs.fi\/contact-us\/\"]}]},{\"@type\":\"ImageObject\",\"inLanguage\":\"fi\",\"@id\":\"https:\/\/ccs.fi\/contact-us\/#primaryimage\",\"url\":\"https:\/\/ccs.fi\/wp-content\/uploads\/2025\/10\/CCF_phone_crop-277x300.png\",\"contentUrl\":\"https:\/\/ccs.fi\/wp-content\/uploads\/2025\/10\/CCF_phone_crop-277x300.png\"},{\"@type\":\"BreadcrumbList\",\"@id\":\"https:\/\/ccs.fi\/contact-us\/#breadcrumb\",\"itemListElement\":[{\"@type\":\"ListItem\",\"position\":1,\"name\":\"Home\",\"item\":\"https:\/\/ccs.fi\/\"},{\"@type\":\"ListItem\",\"position\":2,\"name\":\"Contact us\"}]},{\"@type\":\"WebSite\",\"@id\":\"https:\/\/ccs.fi\/#website\",\"url\":\"https:\/\/ccs.fi\/\",\"name\":\"Customs Clearance Finland\",\"description\":\"Customs Clearance Finland Oy provides swift and reliable customs clearance services tailored to your needs.\",\"publisher\":{\"@id\":\"https:\/\/ccs.fi\/#organization\"},\"potentialAction\":[{\"@type\":\"SearchAction\",\"target\":{\"@type\":\"EntryPoint\",\"urlTemplate\":\"https:\/\/ccs.fi\/?s={search_term_string}\"},\"query-input\":{\"@type\":\"PropertyValueSpecification\",\"valueRequired\":true,\"valueName\":\"search_term_string\"}}],\"inLanguage\":\"fi\"},{\"@type\":\"Organization\",\"@id\":\"https:\/\/ccs.fi\/#organization\",\"name\":\"Customs Clearance Finland Oy\",\"url\":\"https:\/\/ccs.fi\/\",\"logo\":{\"@type\":\"ImageObject\",\"inLanguage\":\"fi\",\"@id\":\"https:\/\/ccs.fi\/#\/schema\/logo\/image\/\",\"url\":\"https:\/\/ccs.fi\/wp-content\/uploads\/2025\/10\/CCF_LOGO_STACKTXT-scaled-e1761636972644.png\",\"contentUrl\":\"https:\/\/ccs.fi\/wp-content\/uploads\/2025\/10\/CCF_LOGO_STACKTXT-scaled-e1761636972644.png\",\"width\":1574,\"height\":650,\"caption\":\"Customs Clearance Finland Oy\"},\"image\":{\"@id\":\"https:\/\/ccs.fi\/#\/schema\/logo\/image\/\"}}]}<\/script>\n<!-- \/ Yoast SEO plugin. -->","yoast_head_json":{"title":"Contact us - Customs Clearance Finland","robots":{"index":"index","follow":"follow","max-snippet":"max-snippet:-1","max-image-preview":"max-image-preview:large","max-video-preview":"max-video-preview:-1"},"canonical":"https:\/\/ccs.fi\/fi\/contact-us\/","og_locale":"fi_FI","og_type":"article","og_title":"Contact us - Customs Clearance Finland","og_description":"Let&#8217;s get in touch! Phone +358 45 888 0007 Email ccs@ccs.fi Address Vuorikatu 10 A00100, HelsinkiFinland WhatsApp +358 45 888 007 Telegram +358 45 888 007","og_url":"https:\/\/ccs.fi\/fi\/contact-us\/","og_site_name":"Customs Clearance Finland","article_modified_time":"2025-10-29T11:50:37+00:00","og_image":[{"width":848,"height":919,"url":"https:\/\/ccs.fi\/wp-content\/uploads\/2025\/10\/CCF_phone_crop.png","type":"image\/png"}],"twitter_card":"summary_large_image","twitter_misc":{"Arvioitu lukuaika":"3 minuuttia"},"schema":{"@context":"https:\/\/schema.org","@graph":[{"@type":"WebPage","@id":"https:\/\/ccs.fi\/contact-us\/","url":"https:\/\/ccs.fi\/contact-us\/","name":"Contact us - Customs Clearance Finland","isPartOf":{"@id":"https:\/\/ccs.fi\/#website"},"primaryImageOfPage":{"@id":"https:\/\/ccs.fi\/contact-us\/#primaryimage"},"image":{"@id":"https:\/\/ccs.fi\/contact-us\/#primaryimage"},"thumbnailUrl":"https:\/\/ccs.fi\/wp-content\/uploads\/2025\/10\/CCF_phone_crop-277x300.png","datePublished":"2025-10-01T07:54:40+00:00","dateModified":"2025-10-29T11:50:37+00:00","breadcrumb":{"@id":"https:\/\/ccs.fi\/contact-us\/#breadcrumb"},"inLanguage":"fi","potentialAction":[{"@type":"ReadAction","target":["https:\/\/ccs.fi\/contact-us\/"]}]},{"@type":"ImageObject","inLanguage":"fi","@id":"https:\/\/ccs.fi\/contact-us\/#primaryimage","url":"https:\/\/ccs.fi\/wp-content\/uploads\/2025\/10\/CCF_phone_crop-277x300.png","contentUrl":"https:\/\/ccs.fi\/wp-content\/uploads\/2025\/10\/CCF_phone_crop-277x300.png"},{"@type":"BreadcrumbList","@id":"https:\/\/ccs.fi\/contact-us\/#breadcrumb","itemListElement":[{"@type":"ListItem","position":1,"name":"Home","item":"https:\/\/ccs.fi\/"},{"@type":"ListItem","position":2,"name":"Contact us"}]},{"@type":"WebSite","@id":"https:\/\/ccs.fi\/#website","url":"https:\/\/ccs.fi\/","name":"Customs Clearance Finland","description":"Customs Clearance Finland Oy provides swift and reliable customs clearance services tailored to your needs.","publisher":{"@id":"https:\/\/ccs.fi\/#organization"},"potentialAction":[{"@type":"SearchAction","target":{"@type":"EntryPoint","urlTemplate":"https:\/\/ccs.fi\/?s={search_term_string}"},"query-input":{"@type":"PropertyValueSpecification","valueRequired":true,"valueName":"search_term_string"}}],"inLanguage":"fi"},{"@type":"Organization","@id":"https:\/\/ccs.fi\/#organization","name":"Customs Clearance Finland Oy","url":"https:\/\/ccs.fi\/","logo":{"@type":"ImageObject","inLanguage":"fi","@id":"https:\/\/ccs.fi\/#\/schema\/logo\/image\/","url":"https:\/\/ccs.fi\/wp-content\/uploads\/2025\/10\/CCF_LOGO_STACKTXT-scaled-e1761636972644.png","contentUrl":"https:\/\/ccs.fi\/wp-content\/uploads\/2025\/10\/CCF_LOGO_STACKTXT-scaled-e1761636972644.png","width":1574,"height":650,"caption":"Customs Clearance Finland Oy"},"image":{"@id":"https:\/\/ccs.fi\/#\/schema\/logo\/image\/"}}]}},"_links":{"self":[{"href":"https:\/\/ccs.fi\/fi\/wp-json\/wp\/v2\/pages\/71","targetHints":{"allow":["GET"]}}],"collection":[{"href":"https:\/\/ccs.fi\/fi\/wp-json\/wp\/v2\/pages"}],"about":[{"href":"https:\/\/ccs.fi\/fi\/wp-json\/wp\/v2\/types\/page"}],"author":[{"embeddable":true,"href":"https:\/\/ccs.fi\/fi\/wp-json\/wp\/v2\/users\/1"}],"replies":[{"embeddable":true,"href":"https:\/\/ccs.fi\/fi\/wp-json\/wp\/v2\/comments?post=71"}],"version-history":[{"count":117,"href":"https:\/\/ccs.fi\/fi\/wp-json\/wp\/v2\/pages\/71\/revisions"}],"predecessor-version":[{"id":2317,"href":"https:\/\/ccs.fi\/fi\/wp-json\/wp\/v2\/pages\/71\/revisions\/2317"}],"wp:attachment":[{"href":"https:\/\/ccs.fi\/fi\/wp-json\/wp\/v2\/media?parent=71"}],"curies":[{"name":"wp","href":"https:\/\/api.w.org\/{rel}","templated":true}]}}