{"id":67,"date":"2025-10-01T07:53:58","date_gmt":"2025-10-01T07:53:58","guid":{"rendered":"https:\/\/ccs.fi\/?page_id=67"},"modified":"2025-10-29T11:50:05","modified_gmt":"2025-10-29T11:50:05","slug":"why-us","status":"publish","type":"page","link":"https:\/\/ccs.fi\/fi\/why-us\/","title":{"rendered":"Miksi me"},"content":{"rendered":"<div class=\"wp-block-group alignfull hero-section has-background is-layout-constrained wp-container-core-group-is-layout-28eb8bc7 wp-block-group-is-layout-constrained\" style=\"background:linear-gradient(238deg,rgb(233,254,226) 13%,rgb(178,223,255) 100%);margin-top:0;margin-bottom:0;padding-top:14rem;padding-right:0;padding-bottom:14rem;padding-left:0;background-image:url(&#039;https:\/\/ccs.fi\/wp-content\/uploads\/2025\/10\/Hero_8_new-scaled.png&#039;);background-position:46% 46%;background-size:auto;\">\n<div class=\"wp-block-group alignfull is-layout-constrained wp-container-core-group-is-layout-19e250f3 wp-block-group-is-layout-constrained\">\n<h1 class=\"wp-block-heading\" style=\"padding-top:0;padding-right:0;padding-bottom:0;padding-left:0\">Miksi me<\/h1>\n<\/div>\n<\/div>\n\n\n\n<div class=\"wp-block-group alignfull has-palette-color-1-background-color has-background is-layout-constrained wp-container-core-group-is-layout-ca13ab37 wp-block-group-is-layout-constrained\" id=\"ourpromise\" style=\"margin-top:0;margin-bottom:0;padding-top:7.5rem;padding-right:0;padding-bottom:7.5rem;padding-left:0\">\n<h2 class=\"wp-block-heading has-palette-color-6-color has-text-color has-link-color wp-elements-41180a6c2a0b20bd5b63f1f88beefe6c\" style=\"margin-bottom:0px\">Lupauksemme<\/h2>\n\n\n\n<div class=\"wp-block-group alignwide is-layout-constrained wp-container-core-group-is-layout-6b712b1a wp-block-group-is-layout-constrained\">\n<div class=\"wp-block-columns stack-columns is-layout-flex wp-container-core-columns-is-layout-b044c958 wp-block-columns-is-layout-flex\">\n<div class=\"wp-block-column is-layout-flow wp-block-column-is-layout-flow\" style=\"flex-basis:15%\">\n<figure class=\"wp-block-image size-medium responsive-img\"><img loading=\"lazy\" decoding=\"async\" width=\"300\" height=\"266\" src=\"https:\/\/ccs.fi\/wp-content\/uploads\/2025\/10\/CCF_truck_crop-300x266.png\" alt=\"\" class=\"wp-image-620\" style=\"object-fit:cover\" srcset=\"https:\/\/ccs.fi\/wp-content\/uploads\/2025\/10\/CCF_truck_crop-300x266.png 300w, https:\/\/ccs.fi\/wp-content\/uploads\/2025\/10\/CCF_truck_crop-1024x908.png 1024w, https:\/\/ccs.fi\/wp-content\/uploads\/2025\/10\/CCF_truck_crop-768x681.png 768w, https:\/\/ccs.fi\/wp-content\/uploads\/2025\/10\/CCF_truck_crop-14x12.png 14w, https:\/\/ccs.fi\/wp-content\/uploads\/2025\/10\/CCF_truck_crop.png 1466w\" sizes=\"auto, (max-width: 300px) 100vw, 300px\" \/><\/figure>\n<\/div>\n\n\n\n<div class=\"wp-block-column is-vertically-aligned-center is-layout-flow wp-block-column-is-layout-flow\" style=\"flex-basis:75%\">\n<h2 class=\"wp-block-heading\" style=\"margin-bottom:0px;font-size:clamp(1.25rem, 1.25rem + ((1vw - 0.2rem) * 0.938), 2rem);\">Nopea<\/h2>\n\n\n\n<p>Nopeat ja tehokkaat tulliselvitykset tuonnille, viennille ja passituksille.\nV\u00e4henn\u00e4mme viiv\u00e4styksi\u00e4 ja varmistamme, ett\u00e4 tavarasi liikkuvat sujuvasti eteenp\u00e4in.<\/p>\n<\/div>\n<\/div>\n\n\n\n<div class=\"wp-block-columns stack-columns is-layout-flex wp-container-core-columns-is-layout-b044c958 wp-block-columns-is-layout-flex\">\n<div class=\"wp-block-column is-layout-flow wp-block-column-is-layout-flow\" style=\"flex-basis:15%\">\n<figure class=\"wp-block-image size-medium responsive-img\"><img loading=\"lazy\" decoding=\"async\" width=\"300\" height=\"266\" src=\"https:\/\/ccs.fi\/wp-content\/uploads\/2025\/10\/CCF_medal_crop-300x266.png\" alt=\"\" class=\"wp-image-621\" style=\"object-fit:cover\" srcset=\"https:\/\/ccs.fi\/wp-content\/uploads\/2025\/10\/CCF_medal_crop-300x266.png 300w, https:\/\/ccs.fi\/wp-content\/uploads\/2025\/10\/CCF_medal_crop-1024x908.png 1024w, https:\/\/ccs.fi\/wp-content\/uploads\/2025\/10\/CCF_medal_crop-768x681.png 768w, https:\/\/ccs.fi\/wp-content\/uploads\/2025\/10\/CCF_medal_crop-14x12.png 14w, https:\/\/ccs.fi\/wp-content\/uploads\/2025\/10\/CCF_medal_crop.png 1466w\" sizes=\"auto, (max-width: 300px) 100vw, 300px\" \/><\/figure>\n<\/div>\n\n\n\n<div class=\"wp-block-column is-vertically-aligned-center is-layout-flow wp-block-column-is-layout-flow\" style=\"flex-basis:75%\">\n<h2 class=\"wp-block-heading\" style=\"margin-bottom:0px;font-size:clamp(1.25rem, 1.25rem + ((1vw - 0.2rem) * 0.938), 2rem);\">R\u00e4\u00e4t\u00e4l\u00f6idyt ratkaisut<\/h2>\n\n\n\n<p>Tullaus- ja asiakirjapalvelumme on suunniteltu vastaamaan yrityksesi, l\u00e4hetyksesi ja kohdemaan vaatimuksiin.<\/p>\n<\/div>\n<\/div>\n\n\n\n<div class=\"wp-block-columns stack-columns is-layout-flex wp-container-core-columns-is-layout-b044c958 wp-block-columns-is-layout-flex\">\n<div class=\"wp-block-column is-layout-flow wp-block-column-is-layout-flow\" style=\"flex-basis:15%\">\n<figure class=\"wp-block-image size-medium responsive-img\"><img loading=\"lazy\" decoding=\"async\" width=\"300\" height=\"266\" src=\"https:\/\/ccs.fi\/wp-content\/uploads\/2025\/10\/CCF_approved_crop-300x266.png\" alt=\"\" class=\"wp-image-622\" style=\"aspect-ratio:1;object-fit:cover\" srcset=\"https:\/\/ccs.fi\/wp-content\/uploads\/2025\/10\/CCF_approved_crop-300x266.png 300w, https:\/\/ccs.fi\/wp-content\/uploads\/2025\/10\/CCF_approved_crop-1024x908.png 1024w, https:\/\/ccs.fi\/wp-content\/uploads\/2025\/10\/CCF_approved_crop-768x681.png 768w, https:\/\/ccs.fi\/wp-content\/uploads\/2025\/10\/CCF_approved_crop-14x12.png 14w, https:\/\/ccs.fi\/wp-content\/uploads\/2025\/10\/CCF_approved_crop.png 1466w\" sizes=\"auto, (max-width: 300px) 100vw, 300px\" \/><\/figure>\n<\/div>\n\n\n\n<div class=\"wp-block-column is-vertically-aligned-center is-layout-flow wp-block-column-is-layout-flow\" style=\"flex-basis:75%\">\n<h2 class=\"wp-block-heading\" style=\"margin-bottom:0px;font-size:clamp(1.25rem, 1.25rem + ((1vw - 0.2rem) * 0.938), 2rem);\">Luotettava<\/h2>\n\n\n\n<p>Luotettava asiantuntemus jokaiselle l\u00e4hetykselle \u2013 tarkkuutta, vastuullisuutta ja avoimuutta kaikessa tekemisess\u00e4mme.<\/p>\n<\/div>\n<\/div>\n<\/div>\n<\/div>\n\n\n\n<div class=\"wp-block-group alignfull is-layout-constrained wp-container-core-group-is-layout-0405a4fe wp-block-group-is-layout-constrained has-background\" id=\"values\" style=\"margin-top:0;margin-bottom:0;padding-top:7.5rem;padding-right:0;padding-bottom:7.5rem;padding-left:0;background-image:url(&#039;https:\/\/ccs.fi\/wp-content\/uploads\/2025\/10\/Hero_7_new-scaled.png&#039;);background-position:51% 100%;background-size:cover;\">\n<h2 class=\"wp-block-heading has-palette-color-6-color has-text-color has-link-color wp-elements-790616708c936376e7a78b2f1c501758\" style=\"margin-bottom:0px\">Arvomme<\/h2>\n\n\n\n<div class=\"wp-block-columns is-layout-flex wp-container-core-columns-is-layout-92a62174 wp-block-columns-is-layout-flex\">\n<div class=\"wp-block-column has-palette-color-1-background-color has-background is-layout-flow wp-container-core-column-is-layout-657621f0 wp-block-column-is-layout-flow\" style=\"border-radius:1rem;padding-top:2.5rem;padding-right:2.5rem;padding-bottom:2.5rem;padding-left:2.5rem;box-shadow:var(--wp--preset--shadow--natural)\">\n<h3 class=\"wp-block-heading has-palette-color-6-color has-text-color has-link-color wp-elements-5af93efa2ef6faa79078193a5786abc4\">Asiakasl\u00e4ht\u00f6isyys<\/h3>\n\n\n\n<p class=\"has-palette-color-6-color has-text-color has-link-color wp-elements-c672d1759aa4cb6dfe24e167a2b87e60\">Rakennamme pitk\u00e4aikaisia kumppanuuksia ymm\u00e4rt\u00e4m\u00e4ll\u00e4 asiakkaidemme liiketoimintaa, tavoitteita ja logistiikan tarpeita.\nN\u00e4in takaamme sujuvat ja huolettomat tullausprosessit joka kerta.<\/p>\n<\/div>\n\n\n\n<div class=\"wp-block-column has-palette-color-1-background-color has-background is-layout-flow wp-container-core-column-is-layout-657621f0 wp-block-column-is-layout-flow\" style=\"border-radius:1rem;padding-top:2.5rem;padding-right:2.5rem;padding-bottom:2.5rem;padding-left:2.5rem;box-shadow:var(--wp--preset--shadow--natural)\">\n<h3 class=\"wp-block-heading has-palette-color-6-color has-text-color has-link-color wp-elements-c41da92395fdeef411bd29a3edd06955\">Rehellisyys ja luottamus<\/h3>\n\n\n\n<p class=\"has-palette-color-6-color has-text-color has-link-color wp-elements-3d80e81d26746b0a707128c0bf40ba4a\">Toimintaamme ohjaavat avoimuus ja rehellisyys.\nVoit luottaa siihen, ett\u00e4 k\u00e4sittelemme asiakirjasi ja tullimenettelysi luottamuksellisesti ja tarkasti.<\/p>\n<\/div>\n<\/div>\n\n\n\n<div class=\"wp-block-columns is-layout-flex wp-container-core-columns-is-layout-a3124b9b wp-block-columns-is-layout-flex\" style=\"margin-top:2.5rem;margin-bottom:0\">\n<div class=\"wp-block-column has-palette-color-1-background-color has-background is-layout-flow wp-container-core-column-is-layout-657621f0 wp-block-column-is-layout-flow\" style=\"border-radius:1rem;padding-top:2.5rem;padding-right:2.5rem;padding-bottom:2.5rem;padding-left:2.5rem;box-shadow:var(--wp--preset--shadow--natural)\">\n<h3 class=\"wp-block-heading has-palette-color-6-color has-text-color has-link-color wp-elements-102c1cd1843738784073d4bf5489ccaf\">Ammattitaito<\/h3>\n\n\n\n<p class=\"has-palette-color-6-color has-text-color has-link-color wp-elements-1b6358d2ff78c22fa891e9d297f5f494\">Kokenut tiimimme yhdist\u00e4\u00e4 ajantasaisen tulliosaamisen ja ennakoivan viestinn\u00e4n,\ntarjoten tarkan, s\u00e4\u00e4nt\u00f6jenmukaisen ja tehokkaan palvelun kaikissa vaiheissa.<\/p>\n<\/div>\n\n\n\n<div class=\"wp-block-column has-palette-color-1-background-color has-background is-layout-flow wp-container-core-column-is-layout-657621f0 wp-block-column-is-layout-flow\" style=\"border-radius:1rem;padding-top:2.5rem;padding-right:2.5rem;padding-bottom:2.5rem;padding-left:2.5rem;box-shadow:var(--wp--preset--shadow--natural)\">\n<h3 class=\"wp-block-heading has-palette-color-6-color has-text-color has-link-color wp-elements-f257fe5f124dced0df7797d7c74caa64\">Ketteryys ja jatkuva kehitt\u00e4minen<\/h3>\n\n\n\n<p class=\"has-palette-color-6-color has-text-color has-link-color wp-elements-4a91d5830b37b5a2ca06d07421d103a9\">Sopeudumme nopeasti muuttuviin m\u00e4\u00e4r\u00e4yksiin ja asiakkaiden tarpeisiin,\nkehitt\u00e4en prosessejamme jatkuvasti entist\u00e4 \u00e4lykk\u00e4\u00e4mmiksi, nopeammiksi ja kest\u00e4v\u00e4mmiksi ratkaisuiksi.<\/p>\n<\/div>\n<\/div>\n<\/div>\n\n\n\n<p><\/p>","protected":false},"excerpt":{"rendered":"<p>WHY US Our promise Fast Swift and efficient customs clearance for import, export, and transit. Minimizing delays and keeping your goods moving. Tailored solutions Customs and documentation services designed to fit your business, cargo, and destination requirements. Reliable Accurate, compliant, and transparent service \u2014 trusted expertise for every shipment. Values Client focus We build long-term [&hellip;]<\/p>","protected":false},"author":1,"featured_media":0,"parent":0,"menu_order":0,"comment_status":"closed","ping_status":"closed","template":"","meta":{"footnotes":""},"class_list":["post-67","page","type-page","status-publish","hentry"],"blocksy_meta":[],"yoast_head":"<!-- This site is optimized with the Yoast SEO plugin v26.2 - https:\/\/yoast.com\/wordpress\/plugins\/seo\/ -->\n<title>Why us - Customs Clearance Finland<\/title>\n<meta name=\"robots\" content=\"index, follow, max-snippet:-1, max-image-preview:large, max-video-preview:-1\" \/>\n<link rel=\"canonical\" href=\"https:\/\/ccs.fi\/fi\/why-us\/\" \/>\n<meta property=\"og:locale\" content=\"fi_FI\" \/>\n<meta property=\"og:type\" content=\"article\" \/>\n<meta property=\"og:title\" content=\"Why us - Customs Clearance Finland\" \/>\n<meta property=\"og:description\" content=\"WHY US Our promise Fast Swift and efficient customs clearance for import, export, and transit. Minimizing delays and keeping your goods moving. Tailored solutions Customs and documentation services designed to fit your business, cargo, and destination requirements. Reliable Accurate, compliant, and transparent service \u2014 trusted expertise for every shipment. Values Client focus We build long-term [&hellip;]\" \/>\n<meta property=\"og:url\" content=\"https:\/\/ccs.fi\/fi\/why-us\/\" \/>\n<meta property=\"og:site_name\" content=\"Customs Clearance Finland\" \/>\n<meta property=\"article:modified_time\" content=\"2025-10-29T11:50:05+00:00\" \/>\n<meta property=\"og:image\" content=\"https:\/\/ccs.fi\/wp-content\/uploads\/2025\/10\/CCF_truck_crop.png\" \/>\n\t<meta property=\"og:image:width\" content=\"1466\" \/>\n\t<meta property=\"og:image:height\" content=\"1300\" \/>\n\t<meta property=\"og:image:type\" content=\"image\/png\" \/>\n<meta name=\"twitter:card\" content=\"summary_large_image\" \/>\n<meta name=\"twitter:label1\" content=\"Arvioitu lukuaika\" \/>\n\t<meta name=\"twitter:data1\" content=\"2 minuuttia\" \/>\n<script type=\"application\/ld+json\" class=\"yoast-schema-graph\">{\"@context\":\"https:\/\/schema.org\",\"@graph\":[{\"@type\":\"WebPage\",\"@id\":\"https:\/\/ccs.fi\/why-us\/\",\"url\":\"https:\/\/ccs.fi\/why-us\/\",\"name\":\"Why us - Customs Clearance Finland\",\"isPartOf\":{\"@id\":\"https:\/\/ccs.fi\/#website\"},\"primaryImageOfPage\":{\"@id\":\"https:\/\/ccs.fi\/why-us\/#primaryimage\"},\"image\":{\"@id\":\"https:\/\/ccs.fi\/why-us\/#primaryimage\"},\"thumbnailUrl\":\"https:\/\/ccs.fi\/wp-content\/uploads\/2025\/10\/CCF_truck_crop-300x266.png\",\"datePublished\":\"2025-10-01T07:53:58+00:00\",\"dateModified\":\"2025-10-29T11:50:05+00:00\",\"breadcrumb\":{\"@id\":\"https:\/\/ccs.fi\/why-us\/#breadcrumb\"},\"inLanguage\":\"fi\",\"potentialAction\":[{\"@type\":\"ReadAction\",\"target\":[\"https:\/\/ccs.fi\/why-us\/\"]}]},{\"@type\":\"ImageObject\",\"inLanguage\":\"fi\",\"@id\":\"https:\/\/ccs.fi\/why-us\/#primaryimage\",\"url\":\"https:\/\/ccs.fi\/wp-content\/uploads\/2025\/10\/CCF_truck_crop-300x266.png\",\"contentUrl\":\"https:\/\/ccs.fi\/wp-content\/uploads\/2025\/10\/CCF_truck_crop-300x266.png\"},{\"@type\":\"BreadcrumbList\",\"@id\":\"https:\/\/ccs.fi\/why-us\/#breadcrumb\",\"itemListElement\":[{\"@type\":\"ListItem\",\"position\":1,\"name\":\"Home\",\"item\":\"https:\/\/ccs.fi\/\"},{\"@type\":\"ListItem\",\"position\":2,\"name\":\"Why us\"}]},{\"@type\":\"WebSite\",\"@id\":\"https:\/\/ccs.fi\/#website\",\"url\":\"https:\/\/ccs.fi\/\",\"name\":\"Customs Clearance Finland\",\"description\":\"Customs Clearance Finland Oy provides swift and reliable customs clearance services tailored to your needs.\",\"publisher\":{\"@id\":\"https:\/\/ccs.fi\/#organization\"},\"potentialAction\":[{\"@type\":\"SearchAction\",\"target\":{\"@type\":\"EntryPoint\",\"urlTemplate\":\"https:\/\/ccs.fi\/?s={search_term_string}\"},\"query-input\":{\"@type\":\"PropertyValueSpecification\",\"valueRequired\":true,\"valueName\":\"search_term_string\"}}],\"inLanguage\":\"fi\"},{\"@type\":\"Organization\",\"@id\":\"https:\/\/ccs.fi\/#organization\",\"name\":\"Customs Clearance Finland Oy\",\"url\":\"https:\/\/ccs.fi\/\",\"logo\":{\"@type\":\"ImageObject\",\"inLanguage\":\"fi\",\"@id\":\"https:\/\/ccs.fi\/#\/schema\/logo\/image\/\",\"url\":\"https:\/\/ccs.fi\/wp-content\/uploads\/2025\/10\/CCF_LOGO_STACKTXT-scaled-e1761636972644.png\",\"contentUrl\":\"https:\/\/ccs.fi\/wp-content\/uploads\/2025\/10\/CCF_LOGO_STACKTXT-scaled-e1761636972644.png\",\"width\":1574,\"height\":650,\"caption\":\"Customs Clearance Finland Oy\"},\"image\":{\"@id\":\"https:\/\/ccs.fi\/#\/schema\/logo\/image\/\"}}]}<\/script>\n<!-- \/ Yoast SEO plugin. -->","yoast_head_json":{"title":"Why us - Customs Clearance Finland","robots":{"index":"index","follow":"follow","max-snippet":"max-snippet:-1","max-image-preview":"max-image-preview:large","max-video-preview":"max-video-preview:-1"},"canonical":"https:\/\/ccs.fi\/fi\/why-us\/","og_locale":"fi_FI","og_type":"article","og_title":"Why us - Customs Clearance Finland","og_description":"WHY US Our promise Fast Swift and efficient customs clearance for import, export, and transit. Minimizing delays and keeping your goods moving. Tailored solutions Customs and documentation services designed to fit your business, cargo, and destination requirements. Reliable Accurate, compliant, and transparent service \u2014 trusted expertise for every shipment. Values Client focus We build long-term [&hellip;]","og_url":"https:\/\/ccs.fi\/fi\/why-us\/","og_site_name":"Customs Clearance Finland","article_modified_time":"2025-10-29T11:50:05+00:00","og_image":[{"width":1466,"height":1300,"url":"https:\/\/ccs.fi\/wp-content\/uploads\/2025\/10\/CCF_truck_crop.png","type":"image\/png"}],"twitter_card":"summary_large_image","twitter_misc":{"Arvioitu lukuaika":"2 minuuttia"},"schema":{"@context":"https:\/\/schema.org","@graph":[{"@type":"WebPage","@id":"https:\/\/ccs.fi\/why-us\/","url":"https:\/\/ccs.fi\/why-us\/","name":"Why us - Customs Clearance Finland","isPartOf":{"@id":"https:\/\/ccs.fi\/#website"},"primaryImageOfPage":{"@id":"https:\/\/ccs.fi\/why-us\/#primaryimage"},"image":{"@id":"https:\/\/ccs.fi\/why-us\/#primaryimage"},"thumbnailUrl":"https:\/\/ccs.fi\/wp-content\/uploads\/2025\/10\/CCF_truck_crop-300x266.png","datePublished":"2025-10-01T07:53:58+00:00","dateModified":"2025-10-29T11:50:05+00:00","breadcrumb":{"@id":"https:\/\/ccs.fi\/why-us\/#breadcrumb"},"inLanguage":"fi","potentialAction":[{"@type":"ReadAction","target":["https:\/\/ccs.fi\/why-us\/"]}]},{"@type":"ImageObject","inLanguage":"fi","@id":"https:\/\/ccs.fi\/why-us\/#primaryimage","url":"https:\/\/ccs.fi\/wp-content\/uploads\/2025\/10\/CCF_truck_crop-300x266.png","contentUrl":"https:\/\/ccs.fi\/wp-content\/uploads\/2025\/10\/CCF_truck_crop-300x266.png"},{"@type":"BreadcrumbList","@id":"https:\/\/ccs.fi\/why-us\/#breadcrumb","itemListElement":[{"@type":"ListItem","position":1,"name":"Home","item":"https:\/\/ccs.fi\/"},{"@type":"ListItem","position":2,"name":"Why us"}]},{"@type":"WebSite","@id":"https:\/\/ccs.fi\/#website","url":"https:\/\/ccs.fi\/","name":"Customs Clearance Finland","description":"Customs Clearance Finland Oy provides swift and reliable customs clearance services tailored to your needs.","publisher":{"@id":"https:\/\/ccs.fi\/#organization"},"potentialAction":[{"@type":"SearchAction","target":{"@type":"EntryPoint","urlTemplate":"https:\/\/ccs.fi\/?s={search_term_string}"},"query-input":{"@type":"PropertyValueSpecification","valueRequired":true,"valueName":"search_term_string"}}],"inLanguage":"fi"},{"@type":"Organization","@id":"https:\/\/ccs.fi\/#organization","name":"Customs Clearance Finland Oy","url":"https:\/\/ccs.fi\/","logo":{"@type":"ImageObject","inLanguage":"fi","@id":"https:\/\/ccs.fi\/#\/schema\/logo\/image\/","url":"https:\/\/ccs.fi\/wp-content\/uploads\/2025\/10\/CCF_LOGO_STACKTXT-scaled-e1761636972644.png","contentUrl":"https:\/\/ccs.fi\/wp-content\/uploads\/2025\/10\/CCF_LOGO_STACKTXT-scaled-e1761636972644.png","width":1574,"height":650,"caption":"Customs Clearance Finland Oy"},"image":{"@id":"https:\/\/ccs.fi\/#\/schema\/logo\/image\/"}}]}},"_links":{"self":[{"href":"https:\/\/ccs.fi\/fi\/wp-json\/wp\/v2\/pages\/67","targetHints":{"allow":["GET"]}}],"collection":[{"href":"https:\/\/ccs.fi\/fi\/wp-json\/wp\/v2\/pages"}],"about":[{"href":"https:\/\/ccs.fi\/fi\/wp-json\/wp\/v2\/types\/page"}],"author":[{"embeddable":true,"href":"https:\/\/ccs.fi\/fi\/wp-json\/wp\/v2\/users\/1"}],"replies":[{"embeddable":true,"href":"https:\/\/ccs.fi\/fi\/wp-json\/wp\/v2\/comments?post=67"}],"version-history":[{"count":101,"href":"https:\/\/ccs.fi\/fi\/wp-json\/wp\/v2\/pages\/67\/revisions"}],"predecessor-version":[{"id":2446,"href":"https:\/\/ccs.fi\/fi\/wp-json\/wp\/v2\/pages\/67\/revisions\/2446"}],"wp:attachment":[{"href":"https:\/\/ccs.fi\/fi\/wp-json\/wp\/v2\/media?parent=67"}],"curies":[{"name":"wp","href":"https:\/\/api.w.org\/{rel}","templated":true}]}}