{"id":65,"date":"2025-10-01T07:53:47","date_gmt":"2025-10-01T07:53:47","guid":{"rendered":"https:\/\/ccs.fi\/?page_id=65"},"modified":"2025-10-29T11:50:12","modified_gmt":"2025-10-29T11:50:12","slug":"services","status":"publish","type":"page","link":"https:\/\/ccs.fi\/fi\/services\/","title":{"rendered":"Palvelut"},"content":{"rendered":"<div class=\"wp-block-group alignfull has-background is-layout-flow wp-block-group-is-layout-flow\" style=\"background:linear-gradient(238deg,rgb(236,247,255) 13%,rgb(178,223,255) 100%);margin-top:0;margin-bottom:0;padding-top:14rem;padding-right:0;padding-bottom:14rem;padding-left:0;background-image:url(&#039;https:\/\/ccs.fi\/wp-content\/uploads\/2025\/10\/Hero_4_new-scaled.png&#039;);background-position:47% 67%;background-size:cover;\">\n<div class=\"wp-block-group alignfull is-layout-constrained wp-container-core-group-is-layout-19e250f3 wp-block-group-is-layout-constrained\">\n<h1 class=\"wp-block-heading\" id=\"0-services\" style=\"padding-top:0;padding-right:0;padding-bottom:0;padding-left:0\">Palvelut<\/h1>\n<\/div>\n<\/div>\n\n\n\n<div class=\"wp-block-group alignfull has-palette-color-1-background-color has-background is-layout-constrained wp-container-core-group-is-layout-7ebb8c65 wp-block-group-is-layout-constrained\" id=\"customs-clearance\" style=\"margin-top:0;margin-bottom:0;padding-top:7.5rem;padding-right:0;padding-bottom:7.5rem;padding-left:0\">\n<div class=\"wp-block-columns is-layout-flex wp-container-core-columns-is-layout-0e63c6ae wp-block-columns-is-layout-flex\" style=\"margin-top:0;margin-bottom:0;padding-top:0;padding-bottom:0\">\n<div class=\"wp-block-column is-layout-flow wp-container-core-column-is-layout-f19c9274 wp-block-column-is-layout-flow\" style=\"padding-top:0;padding-right:0;padding-bottom:0;padding-left:0;flex-basis:75%\">\n<div class=\"wp-block-columns are-vertically-aligned-center is-layout-flex wp-container-core-columns-is-layout-7fc3d43a wp-block-columns-is-layout-flex\">\n<div class=\"wp-block-column is-vertically-aligned-center is-layout-flow wp-block-column-is-layout-flow\" style=\"flex-basis:10%\">\n<figure class=\"wp-block-image size-full services-img\"><img loading=\"lazy\" decoding=\"async\" width=\"957\" height=\"957\" src=\"https:\/\/ccs.fi\/wp-content\/uploads\/2025\/10\/CCF_box-edited-6.png\" alt=\"\" class=\"wp-image-461\" style=\"object-fit:cover\" srcset=\"https:\/\/ccs.fi\/wp-content\/uploads\/2025\/10\/CCF_box-edited-6.png 957w, https:\/\/ccs.fi\/wp-content\/uploads\/2025\/10\/CCF_box-edited-6-300x300.png 300w, https:\/\/ccs.fi\/wp-content\/uploads\/2025\/10\/CCF_box-edited-6-150x150.png 150w, https:\/\/ccs.fi\/wp-content\/uploads\/2025\/10\/CCF_box-edited-6-768x768.png 768w, https:\/\/ccs.fi\/wp-content\/uploads\/2025\/10\/CCF_box-edited-6-12x12.png 12w\" sizes=\"auto, (max-width: 957px) 100vw, 957px\" \/><\/figure>\n<\/div>\n\n\n\n<div class=\"wp-block-column is-vertically-aligned-center is-layout-flow wp-block-column-is-layout-flow\" style=\"flex-basis:90%\">\n<h2 class=\"wp-block-heading\">Tulliselvitykset<\/h2>\n<\/div>\n<\/div>\n\n\n\n<p>Tarjoamme nopeat, luotettavat ja korkealaatuiset tulliselvityspalvelut kaikenlaisille l\u00e4hetyksille.<\/p>\n\n\n\n<h3 class=\"wp-block-heading\">Palveluihimme sis\u00e4ltyy mm.:<\/h3>\n\n\n\n<ul style=\"line-height:2.4\" class=\"wp-block-list\">\n<li>Tuonti-, vienti-, passitus- ja kuljetusmenettelyt<\/li>\n\n\n\n<li>Erityismenettelyt (v\u00e4liaikainen maahantuonti, sis\u00e4inen ja ulkoinen jalostus, uudelleenmaahantuonti)<\/li>\n\n\n\n<li>Tullietuudet ja vapautukset (vapaakauppasopimukset, tariffiedut)<\/li>\n\n\n\n<li>Riskienhallinta, tullitarkastukset ja riitatilanteiden k\u00e4sittely<\/li>\n\n\n\n<li>Avustaminen tariffiluokituksessa ja nimikekoodauksessa<\/li>\n\n\n\n<li>Tullien, arvonlis\u00e4veron ja valmisteverojen laskenta ja maksaminen<\/li>\n\n\n\n<li>Tulli-ilmoitusten muutokset ja korjaukset<\/li>\n\n\n\n<li>Asiakirjojen arkistointi ja j\u00e4lkiselvitykset<\/li>\n<\/ul>\n<\/div>\n\n\n\n<div class=\"wp-block-column is-vertically-aligned-center is-layout-flow wp-container-core-column-is-layout-b108c007 wp-block-column-is-layout-flow\" style=\"padding-right:0;padding-left:0;flex-basis:25%\"><\/div>\n<\/div>\n<\/div>\n\n\n\n<div class=\"wp-block-group alignfull is-layout-constrained wp-block-group-is-layout-constrained has-background\" id=\"documents\" style=\"margin-top:0;margin-bottom:0;padding-top:7.5rem;padding-bottom:7.5rem;background-image:url(&#039;https:\/\/ccs.fi\/wp-content\/uploads\/2025\/10\/Hero_3_new-scaled.png&#039;);background-position:0% 0%;background-size:cover;\">\n<div class=\"wp-block-columns is-layout-flex wp-container-core-columns-is-layout-7b02765a wp-block-columns-is-layout-flex\" style=\"padding-top:0;padding-right:0;padding-bottom:0;padding-left:0\">\n<div class=\"wp-block-column is-layout-flow wp-container-core-column-is-layout-f19c9274 wp-block-column-is-layout-flow\" style=\"padding-top:0;padding-right:0;padding-bottom:0;padding-left:0;flex-basis:75%\">\n<div class=\"wp-block-columns are-vertically-aligned-center is-layout-flex wp-container-core-columns-is-layout-7fc3d43a wp-block-columns-is-layout-flex\">\n<div class=\"wp-block-column is-vertically-aligned-center is-layout-flow wp-block-column-is-layout-flow\" style=\"flex-basis:9%\">\n<figure class=\"wp-block-image size-full services-img\"><img loading=\"lazy\" decoding=\"async\" width=\"825\" height=\"825\" src=\"https:\/\/ccs.fi\/wp-content\/uploads\/2025\/10\/CCF_documents-edited-3.png\" alt=\"\" class=\"wp-image-466\" style=\"object-fit:cover\" srcset=\"https:\/\/ccs.fi\/wp-content\/uploads\/2025\/10\/CCF_documents-edited-3.png 825w, https:\/\/ccs.fi\/wp-content\/uploads\/2025\/10\/CCF_documents-edited-3-300x300.png 300w, https:\/\/ccs.fi\/wp-content\/uploads\/2025\/10\/CCF_documents-edited-3-150x150.png 150w, https:\/\/ccs.fi\/wp-content\/uploads\/2025\/10\/CCF_documents-edited-3-768x768.png 768w, https:\/\/ccs.fi\/wp-content\/uploads\/2025\/10\/CCF_documents-edited-3-12x12.png 12w\" sizes=\"auto, (max-width: 825px) 100vw, 825px\" \/><\/figure>\n<\/div>\n\n\n\n<div class=\"wp-block-column is-vertically-aligned-center is-layout-flow wp-block-column-is-layout-flow\" style=\"flex-basis:91%\">\n<h2 class=\"wp-block-heading\">Asiakirjojen laatiminen<\/h2>\n<\/div>\n<\/div>\n\n\n\n<p>Laadimme kaikki kansainv\u00e4lisi\u00e4 l\u00e4hetyksi\u00e4 varten tarvittavat vienti-, tuonti- ja passitusasiakirjat.<\/p>\n\n\n\n<h3 class=\"wp-block-heading\">Palveluihimme sis\u00e4ltyy mm.:<\/h3>\n\n\n\n<ul style=\"line-height:2.4\" class=\"wp-block-list\">\n<li>Kauppalaskut, pakkausluettelot ja kuljetusasiakirjat (CMR, AWB, rahtikirja jne.)<\/li>\n\n\n\n<li>Alkuper\u00e4todistukset, tuotesertifikaatit ja muut liiteasiakirjat<\/li>\n\n\n\n<li>Tuotem\u00e4\u00e4r\u00e4ysten ja standardien noudattaminen (CE-merkint\u00e4, kemikaali- ja turvallisuusvaatimukset)<\/li>\n\n\n\n<li>Luvat, ymp\u00e4rist\u00f6sertifikaatit ja asiakirjat erikoistuotteille<\/li>\n\n\n\n<li>Asiakirjojen tarkastus ja riskien arviointi<\/li>\n\n\n\n<li>S\u00e4hk\u00f6inen tiedonsiirto, MRN-hallinta ja j\u00e4rjestelm\u00e4integraatiot<\/li>\n<\/ul>\n<\/div>\n\n\n\n<div class=\"wp-block-column is-vertically-aligned-center is-layout-flow wp-block-column-is-layout-flow\" style=\"padding-right:0;padding-left:0;flex-basis:25%\"><\/div>\n<\/div>\n<\/div>\n\n\n\n<div class=\"wp-block-group alignfull has-palette-color-1-background-color has-background is-layout-constrained wp-container-core-group-is-layout-9ab6cc85 wp-block-group-is-layout-constrained\" id=\"consulting-services\" style=\"margin-top:0;margin-bottom:0;padding-top:7.5rem;padding-right:0;padding-bottom:7.5rem;padding-left:0\">\n<div class=\"wp-block-columns is-layout-flex wp-container-core-columns-is-layout-618f879f wp-block-columns-is-layout-flex\" style=\"padding-top:0;padding-right:0;padding-bottom:0;padding-left:0\">\n<div class=\"wp-block-column is-layout-flow wp-container-core-column-is-layout-f19c9274 wp-block-column-is-layout-flow\" style=\"padding-top:0;padding-right:0;padding-bottom:0;padding-left:0;flex-basis:75%\">\n<div class=\"wp-block-columns are-vertically-aligned-center is-layout-flex wp-container-core-columns-is-layout-7fc3d43a wp-block-columns-is-layout-flex\">\n<div class=\"wp-block-column is-vertically-aligned-center is-layout-flow wp-block-column-is-layout-flow\" style=\"flex-basis:11%\">\n<figure class=\"wp-block-image size-large services-img\"><img decoding=\"async\" src=\"https:\/\/ccs.fi\/wp-content\/uploads\/2025\/10\/CCF_customerservice_1-edited-1024x1024.png\" alt=\"\" class=\"wp-image-465\" style=\"object-fit:cover\"\/><\/figure>\n<\/div>\n\n\n\n<div class=\"wp-block-column is-vertically-aligned-center is-layout-flow wp-block-column-is-layout-flow\" style=\"flex-basis:89%\">\n<h2 class=\"wp-block-heading\">Konsultointipalvelut<\/h2>\n<\/div>\n<\/div>\n\n\n\n<p>Tarjoamme asiantuntevaa konsultointia tullimenettelyiss\u00e4 ja kansainv\u00e4lisen kaupan s\u00e4\u00e4ntelyss\u00e4.<\/p>\n\n\n\n<h3 class=\"wp-block-heading\">Palveluihimme sis\u00e4ltyy mm.:<\/h3>\n\n\n\n<ul style=\"line-height:2.4\" class=\"wp-block-list\">\n<li>Due diligence -tarkastukset ja tulliriskien arviointi uusilla markkinoilla<\/li>\n\n\n\n<li>Asiakkaan edustaminen tulliviranomaisten edess\u00e4, riitojen ratkaisu ja valitusprosessit<\/li>\n\n\n\n<li>Kansainv\u00e4listen vaatimusten ja paikallisten yhteisty\u00f6kumppaneiden koordinointi<\/li>\n\n\n\n<li>Uudet s\u00e4\u00e4d\u00f6kset, kuten CBAM, ymp\u00e4rist\u00f6- ja ilmastostandardit<\/li>\n\n\n\n<li>Sertifikaattien hakeminen ja hy\u00f6dynt\u00e4minen (esim. AEO)<\/li>\n<\/ul>\n<\/div>\n\n\n\n<div class=\"wp-block-column is-vertically-aligned-center is-layout-flow wp-block-column-is-layout-flow\" style=\"padding-right:0;padding-left:0;flex-basis:25%\"><\/div>\n<\/div>\n<\/div>\n\n\n\n<div class=\"wp-block-group alignfull has-palette-color-1-background-color has-background is-layout-constrained wp-container-core-group-is-layout-9ab6cc85 wp-block-group-is-layout-constrained\" id=\"transportation-services\" style=\"margin-top:0;margin-bottom:0;padding-top:7.5rem;padding-right:0;padding-bottom:7.5rem;padding-left:0;background-image:url(&#039;https:\/\/ccs.fi\/wp-content\/uploads\/2025\/10\/Hero_1_new-scaled.png&#039;);background-size:cover;\">\n<div class=\"wp-block-columns is-layout-flex wp-container-core-columns-is-layout-618f879f wp-block-columns-is-layout-flex\" style=\"padding-top:0;padding-right:0;padding-bottom:0;padding-left:0\">\n<div class=\"wp-block-column is-layout-flow wp-container-core-column-is-layout-f19c9274 wp-block-column-is-layout-flow\" style=\"padding-top:0;padding-right:0;padding-bottom:0;padding-left:0;flex-basis:75%\">\n<div class=\"wp-block-columns are-vertically-aligned-center is-layout-flex wp-container-core-columns-is-layout-7fc3d43a wp-block-columns-is-layout-flex\">\n<div class=\"wp-block-column is-vertically-aligned-center is-layout-flow wp-block-column-is-layout-flow\" style=\"flex-basis:13%\">\n<figure class=\"wp-block-image size-large services-img\"><img loading=\"lazy\" decoding=\"async\" width=\"1024\" height=\"908\" src=\"https:\/\/ccs.fi\/wp-content\/uploads\/2025\/10\/CCF_truck_crop-1024x908.png\" alt=\"\" class=\"wp-image-620\" style=\"object-fit:cover\" srcset=\"https:\/\/ccs.fi\/wp-content\/uploads\/2025\/10\/CCF_truck_crop-1024x908.png 1024w, https:\/\/ccs.fi\/wp-content\/uploads\/2025\/10\/CCF_truck_crop-300x266.png 300w, https:\/\/ccs.fi\/wp-content\/uploads\/2025\/10\/CCF_truck_crop-768x681.png 768w, https:\/\/ccs.fi\/wp-content\/uploads\/2025\/10\/CCF_truck_crop-14x12.png 14w, https:\/\/ccs.fi\/wp-content\/uploads\/2025\/10\/CCF_truck_crop.png 1466w\" sizes=\"auto, (max-width: 1024px) 100vw, 1024px\" \/><\/figure>\n<\/div>\n\n\n\n<div class=\"wp-block-column is-vertically-aligned-center is-layout-flow wp-block-column-is-layout-flow\" style=\"flex-basis:87%\">\n<h2 class=\"wp-block-heading\">Kuljetuspalvelut<\/h2>\n<\/div>\n<\/div>\n\n\n\n<p>Tarjoamme tehokkaita ja luotettavia kuljetusratkaisuja kaikilla kuljetusmuodoilla (maantie-, rautatie-, meri- ja lentokuljetuksina) varmistaen joustavat, kustannustehokkaat ja ajallaan perille saapuvat toimitukset koko Skandinaviassa ja sen ulkopuolella.<\/p>\n\n\n\n<h3 class=\"wp-block-heading\">Palveluihimme sis\u00e4ltyy mm.:<\/h3>\n\n\n\n<ul style=\"line-height:2.4\" class=\"wp-block-list\">\n<li><strong>Maantiekuljetukset<\/strong> \u2013 Nopea, joustava ja edullinen kuljetus t\u00e4ys- ja osakuormille, mukaan lukien moduuli- ja yhdistelm\u00e4kuljetukset.<\/li>\n\n\n\n<li><strong>Rautatiekuljetukset<\/strong> \u2013 Turvallinen ja luotettava ratkaisu pitk\u00e4n matkan kuljetuksiin kaikenpainoisille ja -kokoisille l\u00e4hetyksille.<\/li>\n\n\n\n<li><strong>Merikuljetukset<\/strong> \u2013 Taloudellinen vaihtoehto suurivolyymisille kuljetuksille, yhteisty\u00f6ss\u00e4 Suomen suurimpien satamien kanssa.<\/li>\n\n\n\n<li><strong>Lentokuljetukset<\/strong> \u2013 Nopein ja varmin ratkaisu aikakriittisille tai arvokkaille l\u00e4hetyksille.<\/li>\n\n\n\n<li><strong>Erikoiskuljetukset<\/strong> \u2013 Ylisuurten, vaarallisten tai raskaan kaluston kuljetusten hoitaminen vaadittujen lupien ja ammattitaidon mukaisesti.<\/li>\n\n\n\n<li><strong>Monimuotokuljetukset<\/strong> \u2013 Eri kuljetusmuotoja yhdist\u00e4v\u00e4t ratkaisut (meri-, maantie- ja rautatiekuljetukset) tehokkuuden ja kustannuss\u00e4\u00e4st\u00f6jen maksimoimiseksi.<\/li>\n\n\n\n<li><strong>Ovelta ovelle -toimitus<\/strong> \u2013 T\u00e4yden palvelun logistiikkaratkaisu l\u00e4hett\u00e4j\u00e4lt\u00e4 vastaanottajalle, sis\u00e4lt\u00e4en tulliselvityksen ja asiakirjahallinnan.<\/li>\n<\/ul>\n\n\n\n<p>Toimimme koko Skandinaviassa ja Iso-Britanniassa, ja varmistamme turvalliset, t\u00e4sm\u00e4lliset ja kustannustehokkaat kuljetukset \u2013 joka kerta.<\/p>\n<\/div>\n\n\n\n<div class=\"wp-block-column is-vertically-aligned-center is-layout-flow wp-block-column-is-layout-flow\" style=\"padding-right:0;padding-left:0;flex-basis:25%\"><\/div>\n<\/div>\n<\/div>\n\n\n\n<p><\/p>","protected":false},"excerpt":{"rendered":"<p>Services Customs clearance We provide fast, reliable, and high-quality customs clearance services for all types of shipments. These include: Execution of documents We provide all necessary export, import, and transit documentation required for international shipments. These include: Consulting services We offer expert consulting in customs procedures and international trade regulations. These include: Transportation services We [&hellip;]<\/p>","protected":false},"author":1,"featured_media":0,"parent":0,"menu_order":0,"comment_status":"closed","ping_status":"closed","template":"","meta":{"footnotes":""},"class_list":["post-65","page","type-page","status-publish","hentry"],"blocksy_meta":{"vertical_spacing_source":"inherit","content_area_spacing":"both","styles_descriptor":{"styles":{"desktop":"","tablet":"","mobile":""},"google_fonts":[],"version":6}},"yoast_head":"<!-- This site is optimized with the Yoast SEO plugin v26.2 - https:\/\/yoast.com\/wordpress\/plugins\/seo\/ -->\n<title>Services - Customs Clearance Finland<\/title>\n<meta name=\"robots\" content=\"index, follow, max-snippet:-1, max-image-preview:large, max-video-preview:-1\" \/>\n<link rel=\"canonical\" href=\"https:\/\/ccs.fi\/fi\/services\/\" \/>\n<meta property=\"og:locale\" content=\"fi_FI\" \/>\n<meta property=\"og:type\" content=\"article\" \/>\n<meta property=\"og:title\" content=\"Services - Customs Clearance Finland\" \/>\n<meta property=\"og:description\" content=\"Services Customs clearance We provide fast, reliable, and high-quality customs clearance services for all types of shipments. These include: Execution of documents We provide all necessary export, import, and transit documentation required for international shipments. These include: Consulting services We offer expert consulting in customs procedures and international trade regulations. These include: Transportation services We [&hellip;]\" \/>\n<meta property=\"og:url\" content=\"https:\/\/ccs.fi\/fi\/services\/\" \/>\n<meta property=\"og:site_name\" content=\"Customs Clearance Finland\" \/>\n<meta property=\"article:modified_time\" content=\"2025-10-29T11:50:12+00:00\" \/>\n<meta property=\"og:image\" content=\"https:\/\/ccs.fi\/wp-content\/uploads\/2025\/10\/CCF_box-edited-6.png\" \/>\n\t<meta property=\"og:image:width\" content=\"957\" \/>\n\t<meta property=\"og:image:height\" content=\"957\" \/>\n\t<meta property=\"og:image:type\" content=\"image\/png\" \/>\n<meta name=\"twitter:card\" content=\"summary_large_image\" \/>\n<meta name=\"twitter:label1\" content=\"Arvioitu lukuaika\" \/>\n\t<meta name=\"twitter:data1\" content=\"3 minuuttia\" \/>\n<script type=\"application\/ld+json\" class=\"yoast-schema-graph\">{\"@context\":\"https:\/\/schema.org\",\"@graph\":[{\"@type\":\"WebPage\",\"@id\":\"https:\/\/ccs.fi\/services\/\",\"url\":\"https:\/\/ccs.fi\/services\/\",\"name\":\"Services - Customs Clearance Finland\",\"isPartOf\":{\"@id\":\"https:\/\/ccs.fi\/#website\"},\"primaryImageOfPage\":{\"@id\":\"https:\/\/ccs.fi\/services\/#primaryimage\"},\"image\":{\"@id\":\"https:\/\/ccs.fi\/services\/#primaryimage\"},\"thumbnailUrl\":\"https:\/\/ccs.fi\/wp-content\/uploads\/2025\/10\/CCF_box-edited-6.png\",\"datePublished\":\"2025-10-01T07:53:47+00:00\",\"dateModified\":\"2025-10-29T11:50:12+00:00\",\"breadcrumb\":{\"@id\":\"https:\/\/ccs.fi\/services\/#breadcrumb\"},\"inLanguage\":\"fi\",\"potentialAction\":[{\"@type\":\"ReadAction\",\"target\":[\"https:\/\/ccs.fi\/services\/\"]}]},{\"@type\":\"ImageObject\",\"inLanguage\":\"fi\",\"@id\":\"https:\/\/ccs.fi\/services\/#primaryimage\",\"url\":\"https:\/\/ccs.fi\/wp-content\/uploads\/2025\/10\/CCF_box-edited-6.png\",\"contentUrl\":\"https:\/\/ccs.fi\/wp-content\/uploads\/2025\/10\/CCF_box-edited-6.png\"},{\"@type\":\"BreadcrumbList\",\"@id\":\"https:\/\/ccs.fi\/services\/#breadcrumb\",\"itemListElement\":[{\"@type\":\"ListItem\",\"position\":1,\"name\":\"Home\",\"item\":\"https:\/\/ccs.fi\/\"},{\"@type\":\"ListItem\",\"position\":2,\"name\":\"Services\"}]},{\"@type\":\"WebSite\",\"@id\":\"https:\/\/ccs.fi\/#website\",\"url\":\"https:\/\/ccs.fi\/\",\"name\":\"Customs Clearance Finland\",\"description\":\"Customs Clearance Finland Oy provides swift and reliable customs clearance services tailored to your needs.\",\"publisher\":{\"@id\":\"https:\/\/ccs.fi\/#organization\"},\"potentialAction\":[{\"@type\":\"SearchAction\",\"target\":{\"@type\":\"EntryPoint\",\"urlTemplate\":\"https:\/\/ccs.fi\/?s={search_term_string}\"},\"query-input\":{\"@type\":\"PropertyValueSpecification\",\"valueRequired\":true,\"valueName\":\"search_term_string\"}}],\"inLanguage\":\"fi\"},{\"@type\":\"Organization\",\"@id\":\"https:\/\/ccs.fi\/#organization\",\"name\":\"Customs Clearance Finland Oy\",\"url\":\"https:\/\/ccs.fi\/\",\"logo\":{\"@type\":\"ImageObject\",\"inLanguage\":\"fi\",\"@id\":\"https:\/\/ccs.fi\/#\/schema\/logo\/image\/\",\"url\":\"https:\/\/ccs.fi\/wp-content\/uploads\/2025\/10\/CCF_LOGO_STACKTXT-scaled-e1761636972644.png\",\"contentUrl\":\"https:\/\/ccs.fi\/wp-content\/uploads\/2025\/10\/CCF_LOGO_STACKTXT-scaled-e1761636972644.png\",\"width\":1574,\"height\":650,\"caption\":\"Customs Clearance Finland Oy\"},\"image\":{\"@id\":\"https:\/\/ccs.fi\/#\/schema\/logo\/image\/\"}}]}<\/script>\n<!-- \/ Yoast SEO plugin. -->","yoast_head_json":{"title":"Services - Customs Clearance Finland","robots":{"index":"index","follow":"follow","max-snippet":"max-snippet:-1","max-image-preview":"max-image-preview:large","max-video-preview":"max-video-preview:-1"},"canonical":"https:\/\/ccs.fi\/fi\/services\/","og_locale":"fi_FI","og_type":"article","og_title":"Services - Customs Clearance Finland","og_description":"Services Customs clearance We provide fast, reliable, and high-quality customs clearance services for all types of shipments. These include: Execution of documents We provide all necessary export, import, and transit documentation required for international shipments. These include: Consulting services We offer expert consulting in customs procedures and international trade regulations. These include: Transportation services We [&hellip;]","og_url":"https:\/\/ccs.fi\/fi\/services\/","og_site_name":"Customs Clearance Finland","article_modified_time":"2025-10-29T11:50:12+00:00","og_image":[{"width":957,"height":957,"url":"https:\/\/ccs.fi\/wp-content\/uploads\/2025\/10\/CCF_box-edited-6.png","type":"image\/png"}],"twitter_card":"summary_large_image","twitter_misc":{"Arvioitu lukuaika":"3 minuuttia"},"schema":{"@context":"https:\/\/schema.org","@graph":[{"@type":"WebPage","@id":"https:\/\/ccs.fi\/services\/","url":"https:\/\/ccs.fi\/services\/","name":"Services - Customs Clearance Finland","isPartOf":{"@id":"https:\/\/ccs.fi\/#website"},"primaryImageOfPage":{"@id":"https:\/\/ccs.fi\/services\/#primaryimage"},"image":{"@id":"https:\/\/ccs.fi\/services\/#primaryimage"},"thumbnailUrl":"https:\/\/ccs.fi\/wp-content\/uploads\/2025\/10\/CCF_box-edited-6.png","datePublished":"2025-10-01T07:53:47+00:00","dateModified":"2025-10-29T11:50:12+00:00","breadcrumb":{"@id":"https:\/\/ccs.fi\/services\/#breadcrumb"},"inLanguage":"fi","potentialAction":[{"@type":"ReadAction","target":["https:\/\/ccs.fi\/services\/"]}]},{"@type":"ImageObject","inLanguage":"fi","@id":"https:\/\/ccs.fi\/services\/#primaryimage","url":"https:\/\/ccs.fi\/wp-content\/uploads\/2025\/10\/CCF_box-edited-6.png","contentUrl":"https:\/\/ccs.fi\/wp-content\/uploads\/2025\/10\/CCF_box-edited-6.png"},{"@type":"BreadcrumbList","@id":"https:\/\/ccs.fi\/services\/#breadcrumb","itemListElement":[{"@type":"ListItem","position":1,"name":"Home","item":"https:\/\/ccs.fi\/"},{"@type":"ListItem","position":2,"name":"Services"}]},{"@type":"WebSite","@id":"https:\/\/ccs.fi\/#website","url":"https:\/\/ccs.fi\/","name":"Customs Clearance Finland","description":"Customs Clearance Finland Oy provides swift and reliable customs clearance services tailored to your needs.","publisher":{"@id":"https:\/\/ccs.fi\/#organization"},"potentialAction":[{"@type":"SearchAction","target":{"@type":"EntryPoint","urlTemplate":"https:\/\/ccs.fi\/?s={search_term_string}"},"query-input":{"@type":"PropertyValueSpecification","valueRequired":true,"valueName":"search_term_string"}}],"inLanguage":"fi"},{"@type":"Organization","@id":"https:\/\/ccs.fi\/#organization","name":"Customs Clearance Finland Oy","url":"https:\/\/ccs.fi\/","logo":{"@type":"ImageObject","inLanguage":"fi","@id":"https:\/\/ccs.fi\/#\/schema\/logo\/image\/","url":"https:\/\/ccs.fi\/wp-content\/uploads\/2025\/10\/CCF_LOGO_STACKTXT-scaled-e1761636972644.png","contentUrl":"https:\/\/ccs.fi\/wp-content\/uploads\/2025\/10\/CCF_LOGO_STACKTXT-scaled-e1761636972644.png","width":1574,"height":650,"caption":"Customs Clearance Finland Oy"},"image":{"@id":"https:\/\/ccs.fi\/#\/schema\/logo\/image\/"}}]}},"_links":{"self":[{"href":"https:\/\/ccs.fi\/fi\/wp-json\/wp\/v2\/pages\/65","targetHints":{"allow":["GET"]}}],"collection":[{"href":"https:\/\/ccs.fi\/fi\/wp-json\/wp\/v2\/pages"}],"about":[{"href":"https:\/\/ccs.fi\/fi\/wp-json\/wp\/v2\/types\/page"}],"author":[{"embeddable":true,"href":"https:\/\/ccs.fi\/fi\/wp-json\/wp\/v2\/users\/1"}],"replies":[{"embeddable":true,"href":"https:\/\/ccs.fi\/fi\/wp-json\/wp\/v2\/comments?post=65"}],"version-history":[{"count":299,"href":"https:\/\/ccs.fi\/fi\/wp-json\/wp\/v2\/pages\/65\/revisions"}],"predecessor-version":[{"id":2421,"href":"https:\/\/ccs.fi\/fi\/wp-json\/wp\/v2\/pages\/65\/revisions\/2421"}],"wp:attachment":[{"href":"https:\/\/ccs.fi\/fi\/wp-json\/wp\/v2\/media?parent=65"}],"curies":[{"name":"wp","href":"https:\/\/api.w.org\/{rel}","templated":true}]}}